{"id":783,"date":"2023-03-19T02:55:37","date_gmt":"2023-03-19T02:55:37","guid":{"rendered":"https:\/\/cozystay.loftocean.com\/island-resort\/?page_id=783"},"modified":"2026-01-22T01:49:04","modified_gmt":"2026-01-22T00:49:04","slug":"co-u-nas","status":"publish","type":"page","link":"https:\/\/fregataelk.pl\/en\/co-u-nas\/","title":{"rendered":"Co u nas?"},"content":{"rendered":"<div data-elementor-type=\"wp-page\" data-elementor-id=\"783\" class=\"elementor elementor-783\" data-elementor-post-type=\"page\">\n\t\t\t\t\t\t<section class=\"elementor-section elementor-top-section elementor-element elementor-element-51b883a elementor-section-height-min-height cs-section-content-fullwidth cs-parallax-on-scroll cs_scroll_y_100 elementor-section-boxed elementor-section-height-default elementor-section-items-middle\" data-id=\"51b883a\" data-element_type=\"section\" data-settings=\"{&quot;background_background&quot;:&quot;classic&quot;}\" data-cs-parallax-y=\"100\" style=\"background-image: none;\" data-cs-background-image=\"http:\/\/fregataelk.pl\/wp-content\/uploads\/2025\/05\/01m-budynek_029-1030x686-1.jpg\">\n\t\t\t\t\t\t<div class=\"elementor-container elementor-column-gap-no\">\n\t\t\t\t\t<div class=\"elementor-column elementor-col-100 elementor-top-column elementor-element elementor-element-f8603f5 dark-color\" data-id=\"f8603f5\" data-element_type=\"column\">\n\t\t\t<div class=\"elementor-widget-wrap elementor-element-populated\">\n\t\t\t\t\t\t<div class=\"elementor-element elementor-element-5638ee6 elementor-widget elementor-widget-cs_title\" data-id=\"5638ee6\" data-element_type=\"widget\" data-widget_type=\"cs_title.default\">\n\t\t\t\t<div class=\"elementor-widget-container\">\n\t\t\t\t\t\n        <div class=\"cs-title-wrap text-center\">\t            <div class=\"cs-subtitle-wrap\"><span class=\"cs-subtitle color-white\">Pensjonat fregata w e\u0142ku - blog<\/span><\/div>\t            <h1 class=\"cs-title\">\n\t                Co u nas?\t            <\/h1>        <\/div>\t\t\t\t<\/div>\n\t\t\t\t<\/div>\n\t\t\t\t\t<\/div>\n\t\t<\/div>\n\t\t\t\t\t<\/div>\n\t\t<\/section>\n\t\t\t\t<section class=\"elementor-section elementor-top-section elementor-element elementor-element-4d98f40 elementor-section-boxed elementor-section-height-default elementor-section-height-default\" data-id=\"4d98f40\" data-element_type=\"section\">\n\t\t\t\t\t\t<div class=\"elementor-container elementor-column-gap-no\">\n\t\t\t\t\t<div class=\"elementor-column elementor-col-100 elementor-top-column elementor-element elementor-element-a58b2d7\" data-id=\"a58b2d7\" data-element_type=\"column\">\n\t\t\t<div class=\"elementor-widget-wrap elementor-element-populated\">\n\t\t\t\t\t\t<div class=\"elementor-element elementor-element-03caef0 elementor-widget elementor-widget-cs_blog\" data-id=\"03caef0\" data-element_type=\"widget\" data-widget_type=\"cs_blog.default\">\n\t\t\t\t<div class=\"elementor-widget-container\">\n\t\t\t\t\t\t\t\t\t<div class=\"posts layout-zigzag layout-list img-ratio-3-2 with-border\">\n\t\t\t\t\t\t\t\t\t<div class=\"posts-wrapper\">\n<article class=\"post-1 post type-post status-publish format-standard hentry category-bez-kategorii\">\n    \n\t<div class=\"post-content\">\n\t\t<header class=\"post-header\">            <div class=\"meta-wrap\">\t\t\t<div class=\"cat-links\"><a href=\"https:\/\/fregataelk.pl\/en\/category\/bez-kategorii\/\" rel=\"tag\">Bez kategorii<\/a><\/div>            <\/div>    <h2 class=\"post-title\">\n        <a href=\"https:\/\/fregataelk.pl\/en\/witaj-swiecie\/\">Witaj, \u015bwiecie!<\/a>\n    <\/h2>\t\t<\/header>\t\t<div class=\"post-excerpt\"><p>Witamy w WordPressie. To jest tw\u00f3j pierwszy wpis. Edytuj go lub usu\u0144, a nast\u0119pnie zacznij pisa\u0107!<\/p>\n<\/div>             <footer class=\"post-footer\">        <div class=\"more-btn\">\n            <a class=\"read-more-btn button cs-btn-underline\" href=\"https:\/\/fregataelk.pl\/en\/witaj-swiecie\/\"><span>Read More<\/span><\/a>\n        <\/div>            <\/footer>\t<\/div>\n<\/article>\n\t\t\t\t<\/div>\t\t\t\t<\/div>\t\t\t\t<\/div>\n\t\t\t\t<\/div>\n\t\t\t\t\t<\/div>\n\t\t<\/div>\n\t\t\t\t\t<\/div>\n\t\t<\/section>\n\t\t\t\t<\/div>","protected":false},"excerpt":{"rendered":"<p>Pensjonat fregata w e\u0142ku &#8211; blog Co u nas? Bez kategorii Witaj, \u015bwiecie! Witamy w WordPressie. To jest tw\u00f3j pierwszy wpis. Edytuj go lub usu\u0144, a nast\u0119pnie zacznij pisa\u0107! Read More<\/p>","protected":false},"author":1,"featured_media":0,"parent":0,"menu_order":0,"comment_status":"closed","ping_status":"closed","template":"elementor_header_footer","meta":{"cozystay_single_page_hide_site_header":"","cozystay_single_page_site_header_source":"","cozystay_single_page_custom_site_header":"0","cozystay_single_page_custom_sticky_site_header":"0","cozystay_single_page_hide_page_title":"on","cozystay_single_page_header_section_size":"","cozystay_single_page_header_background_color":"","cozystay_single_page_header_background_position_x":"center","cozystay_single_page_header_background_position_y":"center","cozystay_single_page_header_background_size":"cover","cozystay_single_page_header_background_repeat":"off","cozystay_single_page_header_background_scroll":"on","cozystay_single_page_header_text_color":"","cozystay_single_page_header_show_breadcrumb":"","cozystay_single_page_site_footer_hide_main":"","cozystay_single_custom_site_footer_main_source":"","cozystay_single_custom_site_footer_main":"0","cozystay_single_page_site_footer_hide_above":"","cozystay_single_custom_site_footer_above_source":"","cozystay_single_custom_site_footer_above":"0","cozystay_single_page_site_footer_hide_instagram":"","cozystay_single_page_site_footer_hide_bottom":"","cozystay_single_custom_mobile_menu_source":"","cozystay_single_custom_mobile_menu":"0","cozystay_single_custom_mobile_menu_animation":"","cozystay_single_custom_mobile_menu_width":"","cozystay_single_custom_mobile_menu_custom_width":375,"footnotes":""},"class_list":["post-783","page","type-page","status-publish","hentry"],"yoast_head":"<!-- This site is optimized with the Yoast SEO plugin v26.3 - https:\/\/yoast.com\/wordpress\/plugins\/seo\/ -->\n<title>Co u nas? - Fregata E\u0142k<\/title>\n<meta name=\"robots\" content=\"noindex, follow, max-snippet:-1, max-image-preview:large, max-video-preview:-1\" \/>\n<meta property=\"og:locale\" content=\"en_US\" \/>\n<meta property=\"og:type\" content=\"article\" \/>\n<meta property=\"og:title\" content=\"Co u nas? - Fregata E\u0142k\" \/>\n<meta property=\"og:description\" content=\"Pensjonat fregata w e\u0142ku &#8211; blog Co u nas? Bez kategorii Witaj, \u015bwiecie! Witamy w WordPressie. To jest tw\u00f3j pierwszy wpis. Edytuj go lub usu\u0144, a nast\u0119pnie zacznij pisa\u0107! Read More\" \/>\n<meta property=\"og:url\" content=\"https:\/\/fregataelk.pl\/en\/co-u-nas\/\" \/>\n<meta property=\"og:site_name\" content=\"Fregata E\u0142k\" \/>\n<meta property=\"article:modified_time\" content=\"2026-01-22T00:49:04+00:00\" \/>\n<meta name=\"twitter:card\" content=\"summary_large_image\" \/>\n<meta name=\"twitter:label1\" content=\"Est. reading time\" \/>\n\t<meta name=\"twitter:data1\" content=\"1 minute\" \/>\n<script type=\"application\/ld+json\" class=\"yoast-schema-graph\">{\"@context\":\"https:\/\/schema.org\",\"@graph\":[{\"@type\":\"WebPage\",\"@id\":\"https:\/\/fregataelk.pl\/co-u-nas\/\",\"url\":\"https:\/\/fregataelk.pl\/co-u-nas\/\",\"name\":\"Co u nas? - Fregata E\u0142k\",\"isPartOf\":{\"@id\":\"https:\/\/fregataelk.pl\/#website\"},\"datePublished\":\"2023-03-19T02:55:37+00:00\",\"dateModified\":\"2026-01-22T00:49:04+00:00\",\"breadcrumb\":{\"@id\":\"https:\/\/fregataelk.pl\/co-u-nas\/#breadcrumb\"},\"inLanguage\":\"en-US\",\"potentialAction\":[{\"@type\":\"ReadAction\",\"target\":[\"https:\/\/fregataelk.pl\/co-u-nas\/\"]}]},{\"@type\":\"BreadcrumbList\",\"@id\":\"https:\/\/fregataelk.pl\/co-u-nas\/#breadcrumb\",\"itemListElement\":[{\"@type\":\"ListItem\",\"position\":1,\"name\":\"Home\",\"item\":\"https:\/\/fregataelk.pl\/\"},{\"@type\":\"ListItem\",\"position\":2,\"name\":\"Co u nas?\"}]},{\"@type\":\"WebSite\",\"@id\":\"https:\/\/fregataelk.pl\/#website\",\"url\":\"https:\/\/fregataelk.pl\/\",\"name\":\"Fregata E\u0142k\",\"description\":\"Hotel nad jeziorem w E\u0142ku\",\"publisher\":{\"@id\":\"https:\/\/fregataelk.pl\/#organization\"},\"potentialAction\":[{\"@type\":\"SearchAction\",\"target\":{\"@type\":\"EntryPoint\",\"urlTemplate\":\"https:\/\/fregataelk.pl\/?s={search_term_string}\"},\"query-input\":{\"@type\":\"PropertyValueSpecification\",\"valueRequired\":true,\"valueName\":\"search_term_string\"}}],\"inLanguage\":\"en-US\"},{\"@type\":\"Organization\",\"@id\":\"https:\/\/fregataelk.pl\/#organization\",\"name\":\"Fregata E\u0142k\",\"url\":\"https:\/\/fregataelk.pl\/\",\"logo\":{\"@type\":\"ImageObject\",\"inLanguage\":\"en-US\",\"@id\":\"https:\/\/fregataelk.pl\/#\/schema\/logo\/image\/\",\"url\":\"https:\/\/fregataelk.pl\/wp-content\/uploads\/2025\/05\/logo_fregata_white.png\",\"contentUrl\":\"https:\/\/fregataelk.pl\/wp-content\/uploads\/2025\/05\/logo_fregata_white.png\",\"width\":230,\"height\":185,\"caption\":\"Fregata E\u0142k\"},\"image\":{\"@id\":\"https:\/\/fregataelk.pl\/#\/schema\/logo\/image\/\"}}]}<\/script>\n<!-- \/ Yoast SEO plugin. -->","yoast_head_json":{"title":"Co u nas? - Fregata E\u0142k","robots":{"index":"noindex","follow":"follow","max-snippet":"max-snippet:-1","max-image-preview":"max-image-preview:large","max-video-preview":"max-video-preview:-1"},"og_locale":"en_US","og_type":"article","og_title":"Co u nas? - Fregata E\u0142k","og_description":"Pensjonat fregata w e\u0142ku &#8211; blog Co u nas? Bez kategorii Witaj, \u015bwiecie! Witamy w WordPressie. To jest tw\u00f3j pierwszy wpis. Edytuj go lub usu\u0144, a nast\u0119pnie zacznij pisa\u0107! Read More","og_url":"https:\/\/fregataelk.pl\/en\/co-u-nas\/","og_site_name":"Fregata E\u0142k","article_modified_time":"2026-01-22T00:49:04+00:00","twitter_card":"summary_large_image","twitter_misc":{"Est. reading time":"1 minute"},"schema":{"@context":"https:\/\/schema.org","@graph":[{"@type":"WebPage","@id":"https:\/\/fregataelk.pl\/co-u-nas\/","url":"https:\/\/fregataelk.pl\/co-u-nas\/","name":"Co u nas? - Fregata E\u0142k","isPartOf":{"@id":"https:\/\/fregataelk.pl\/#website"},"datePublished":"2023-03-19T02:55:37+00:00","dateModified":"2026-01-22T00:49:04+00:00","breadcrumb":{"@id":"https:\/\/fregataelk.pl\/co-u-nas\/#breadcrumb"},"inLanguage":"en-US","potentialAction":[{"@type":"ReadAction","target":["https:\/\/fregataelk.pl\/co-u-nas\/"]}]},{"@type":"BreadcrumbList","@id":"https:\/\/fregataelk.pl\/co-u-nas\/#breadcrumb","itemListElement":[{"@type":"ListItem","position":1,"name":"Home","item":"https:\/\/fregataelk.pl\/"},{"@type":"ListItem","position":2,"name":"Co u nas?"}]},{"@type":"WebSite","@id":"https:\/\/fregataelk.pl\/#website","url":"https:\/\/fregataelk.pl\/","name":"Fregata E\u0142k","description":"Hotel nad jeziorem w E\u0142ku","publisher":{"@id":"https:\/\/fregataelk.pl\/#organization"},"potentialAction":[{"@type":"SearchAction","target":{"@type":"EntryPoint","urlTemplate":"https:\/\/fregataelk.pl\/?s={search_term_string}"},"query-input":{"@type":"PropertyValueSpecification","valueRequired":true,"valueName":"search_term_string"}}],"inLanguage":"en-US"},{"@type":"Organization","@id":"https:\/\/fregataelk.pl\/#organization","name":"Fregata E\u0142k","url":"https:\/\/fregataelk.pl\/","logo":{"@type":"ImageObject","inLanguage":"en-US","@id":"https:\/\/fregataelk.pl\/#\/schema\/logo\/image\/","url":"https:\/\/fregataelk.pl\/wp-content\/uploads\/2025\/05\/logo_fregata_white.png","contentUrl":"https:\/\/fregataelk.pl\/wp-content\/uploads\/2025\/05\/logo_fregata_white.png","width":230,"height":185,"caption":"Fregata E\u0142k"},"image":{"@id":"https:\/\/fregataelk.pl\/#\/schema\/logo\/image\/"}}]}},"_links":{"self":[{"href":"https:\/\/fregataelk.pl\/en\/wp-json\/wp\/v2\/pages\/783","targetHints":{"allow":["GET"]}}],"collection":[{"href":"https:\/\/fregataelk.pl\/en\/wp-json\/wp\/v2\/pages"}],"about":[{"href":"https:\/\/fregataelk.pl\/en\/wp-json\/wp\/v2\/types\/page"}],"author":[{"embeddable":true,"href":"https:\/\/fregataelk.pl\/en\/wp-json\/wp\/v2\/users\/1"}],"replies":[{"embeddable":true,"href":"https:\/\/fregataelk.pl\/en\/wp-json\/wp\/v2\/comments?post=783"}],"version-history":[{"count":8,"href":"https:\/\/fregataelk.pl\/en\/wp-json\/wp\/v2\/pages\/783\/revisions"}],"predecessor-version":[{"id":2938,"href":"https:\/\/fregataelk.pl\/en\/wp-json\/wp\/v2\/pages\/783\/revisions\/2938"}],"wp:attachment":[{"href":"https:\/\/fregataelk.pl\/en\/wp-json\/wp\/v2\/media?parent=783"}],"curies":[{"name":"wp","href":"https:\/\/api.w.org\/{rel}","templated":true}]}}